{"id":63,"date":"2021-11-10T03:50:48","date_gmt":"2021-11-10T03:50:48","guid":{"rendered":"https:\/\/drataritabeloti.com.br\/blog\/?page_id=63"},"modified":"2021-12-10T00:49:50","modified_gmt":"2021-12-10T00:49:50","slug":"nossos-servicos","status":"publish","type":"page","link":"https:\/\/drataritabeloti.com.br\/blog\/nossos-servicos\/","title":{"rendered":"Nossos servi\u00e7os"},"content":{"rendered":"\t\t<div data-elementor-type=\"wp-page\" data-elementor-id=\"63\" class=\"elementor elementor-63\">\n\t\t\t\t\t\t\t\t\t<section class=\"elementor-section elementor-top-section elementor-element elementor-element-52e7e15 elementor-section-boxed elementor-section-height-default elementor-section-height-default\" data-id=\"52e7e15\" data-element_type=\"section\">\n\t\t\t\t\t\t<div class=\"elementor-container elementor-column-gap-default\">\n\t\t\t\t\t<div class=\"elementor-column elementor-col-100 elementor-top-column elementor-element elementor-element-7fa1041\" data-id=\"7fa1041\" data-element_type=\"column\">\n\t\t\t<div class=\"elementor-widget-wrap elementor-element-populated\">\n\t\t\t\t\t\t\t\t<div class=\"elementor-element elementor-element-994a5b6 elementor-widget elementor-widget-heading\" data-id=\"994a5b6\" data-element_type=\"widget\" data-widget_type=\"heading.default\">\n\t\t\t\t<div class=\"elementor-widget-container\">\n\t\t\t<style>\/*! elementor - v3.7.2 - 21-08-2022 *\/\n.elementor-heading-title{padding:0;margin:0;line-height:1}.elementor-widget-heading .elementor-heading-title[class*=elementor-size-]>a{color:inherit;font-size:inherit;line-height:inherit}.elementor-widget-heading .elementor-heading-title.elementor-size-small{font-size:15px}.elementor-widget-heading .elementor-heading-title.elementor-size-medium{font-size:19px}.elementor-widget-heading .elementor-heading-title.elementor-size-large{font-size:29px}.elementor-widget-heading .elementor-heading-title.elementor-size-xl{font-size:39px}.elementor-widget-heading .elementor-heading-title.elementor-size-xxl{font-size:59px}<\/style><h2 class=\"elementor-heading-title elementor-size-default\">Solu\u00e7\u00f5es para sua Harmoniza\u00e7\u00e3o<\/h2>\t\t<\/div>\n\t\t\t\t<\/div>\n\t\t\t\t<section class=\"elementor-section elementor-inner-section elementor-element elementor-element-e9e466f elementor-section-boxed elementor-section-height-default elementor-section-height-default\" data-id=\"e9e466f\" data-element_type=\"section\">\n\t\t\t\t\t\t<div class=\"elementor-container elementor-column-gap-default\">\n\t\t\t\t\t<div class=\"elementor-column elementor-col-50 elementor-inner-column elementor-element elementor-element-62bf52b\" data-id=\"62bf52b\" data-element_type=\"column\">\n\t\t\t<div class=\"elementor-widget-wrap elementor-element-populated\">\n\t\t\t\t\t\t\t\t<div class=\"elementor-element elementor-element-b06bd61 elementor-position-top elementor-vertical-align-top elementor-invisible elementor-widget elementor-widget-image-box\" data-id=\"b06bd61\" data-element_type=\"widget\" data-settings=\"{&quot;_animation&quot;:&quot;bounceIn&quot;,&quot;_animation_delay&quot;:600}\" data-widget_type=\"image-box.default\">\n\t\t\t\t<div class=\"elementor-widget-container\">\n\t\t\t<style>\/*! elementor - v3.7.2 - 21-08-2022 *\/\n.elementor-widget-image-box .elementor-image-box-content{width:100%}@media (min-width:768px){.elementor-widget-image-box.elementor-position-left .elementor-image-box-wrapper,.elementor-widget-image-box.elementor-position-right .elementor-image-box-wrapper{display:-webkit-box;display:-ms-flexbox;display:flex}.elementor-widget-image-box.elementor-position-right .elementor-image-box-wrapper{text-align:right;-webkit-box-orient:horizontal;-webkit-box-direction:reverse;-ms-flex-direction:row-reverse;flex-direction:row-reverse}.elementor-widget-image-box.elementor-position-left .elementor-image-box-wrapper{text-align:left;-webkit-box-orient:horizontal;-webkit-box-direction:normal;-ms-flex-direction:row;flex-direction:row}.elementor-widget-image-box.elementor-position-top .elementor-image-box-img{margin:auto}.elementor-widget-image-box.elementor-vertical-align-top .elementor-image-box-wrapper{-webkit-box-align:start;-ms-flex-align:start;align-items:flex-start}.elementor-widget-image-box.elementor-vertical-align-middle .elementor-image-box-wrapper{-webkit-box-align:center;-ms-flex-align:center;align-items:center}.elementor-widget-image-box.elementor-vertical-align-bottom .elementor-image-box-wrapper{-webkit-box-align:end;-ms-flex-align:end;align-items:flex-end}}@media (max-width:767px){.elementor-widget-image-box .elementor-image-box-img{margin-left:auto!important;margin-right:auto!important;margin-bottom:15px}}.elementor-widget-image-box .elementor-image-box-img{display:inline-block}.elementor-widget-image-box .elementor-image-box-title a{color:inherit}.elementor-widget-image-box .elementor-image-box-wrapper{text-align:center}.elementor-widget-image-box .elementor-image-box-description{margin:0}<\/style><div class=\"elementor-image-box-wrapper\"><figure class=\"elementor-image-box-img\"><img width=\"256\" height=\"256\" src=\"https:\/\/drataritabeloti.com.br\/blog\/wp-content\/uploads\/2021\/11\/rosto-1.png\" class=\"attachment-full size-full\" alt=\"rosto harmoniza\u00e7\u00e3o facial\" \/><\/figure><div class=\"elementor-image-box-content\"><h3 class=\"elementor-image-box-title\">Harmoniza\u00e7\u00e3o Facial<\/h3><p class=\"elementor-image-box-description\">Lorem ipsum dolor sit amet, consectetur adipiscing elit. Ut elit tellus, luctus nec ullamcorper mattis, pulvinar dapibus leo.<\/p><\/div><\/div>\t\t<\/div>\n\t\t\t\t<\/div>\n\t\t\t\t<div class=\"elementor-element elementor-element-84b7a30 elementor-align-center elementor-widget elementor-widget-button\" data-id=\"84b7a30\" data-element_type=\"widget\" data-widget_type=\"button.default\">\n\t\t\t\t<div class=\"elementor-widget-container\">\n\t\t\t\t\t<div class=\"elementor-button-wrapper\">\n\t\t\t<a href=\"https:\/\/drataritabeloti.com.br\/blog\/entre-em-contato\/\" class=\"elementor-button-link elementor-button elementor-size-sm\" role=\"button\">\n\t\t\t\t\t\t<span class=\"elementor-button-content-wrapper\">\n\t\t\t\t\t\t<span class=\"elementor-button-text\">Saiba Mais<\/span>\n\t\t<\/span>\n\t\t\t\t\t<\/a>\n\t\t<\/div>\n\t\t\t\t<\/div>\n\t\t\t\t<\/div>\n\t\t\t\t\t<\/div>\n\t\t<\/div>\n\t\t\t\t<div class=\"elementor-column elementor-col-50 elementor-inner-column elementor-element elementor-element-dc74a6a\" data-id=\"dc74a6a\" data-element_type=\"column\">\n\t\t\t<div class=\"elementor-widget-wrap elementor-element-populated\">\n\t\t\t\t\t\t\t\t<div class=\"elementor-element elementor-element-a4d6d09 elementor-position-top elementor-vertical-align-top elementor-invisible elementor-widget elementor-widget-image-box\" data-id=\"a4d6d09\" data-element_type=\"widget\" data-settings=\"{&quot;_animation&quot;:&quot;bounceIn&quot;,&quot;_animation_delay&quot;:700}\" data-widget_type=\"image-box.default\">\n\t\t\t\t<div class=\"elementor-widget-container\">\n\t\t\t<div class=\"elementor-image-box-wrapper\"><figure class=\"elementor-image-box-img\"><img width=\"128\" height=\"128\" src=\"https:\/\/drataritabeloti.com.br\/blog\/wp-content\/uploads\/2021\/11\/preenchimento-dermico.png\" class=\"attachment-full size-full\" alt=\"\" \/><\/figure><div class=\"elementor-image-box-content\"><h3 class=\"elementor-image-box-title\">Preenchimento Facial<\/h3><p class=\"elementor-image-box-description\">Lorem ipsum dolor sit amet, consectetur adipiscing elit. Ut elit tellus, luctus nec ullamcorper mattis, pulvinar dapibus leo.<\/p><\/div><\/div>\t\t<\/div>\n\t\t\t\t<\/div>\n\t\t\t\t<div class=\"elementor-element elementor-element-6f78928 elementor-align-center elementor-widget elementor-widget-button\" data-id=\"6f78928\" data-element_type=\"widget\" data-widget_type=\"button.default\">\n\t\t\t\t<div class=\"elementor-widget-container\">\n\t\t\t\t\t<div class=\"elementor-button-wrapper\">\n\t\t\t<a href=\"https:\/\/drataritabeloti.com.br\/blog\/entre-em-contato\/\" class=\"elementor-button-link elementor-button elementor-size-sm\" role=\"button\">\n\t\t\t\t\t\t<span class=\"elementor-button-content-wrapper\">\n\t\t\t\t\t\t<span class=\"elementor-button-text\">Saiba Mais<\/span>\n\t\t<\/span>\n\t\t\t\t\t<\/a>\n\t\t<\/div>\n\t\t\t\t<\/div>\n\t\t\t\t<\/div>\n\t\t\t\t\t<\/div>\n\t\t<\/div>\n\t\t\t\t\t\t\t<\/div>\n\t\t<\/section>\n\t\t\t\t<section class=\"elementor-section elementor-inner-section elementor-element elementor-element-d1a9df8 elementor-section-boxed elementor-section-height-default elementor-section-height-default\" data-id=\"d1a9df8\" data-element_type=\"section\">\n\t\t\t\t\t\t<div class=\"elementor-container elementor-column-gap-default\">\n\t\t\t\t\t<div class=\"elementor-column elementor-col-50 elementor-inner-column elementor-element elementor-element-10b510d\" data-id=\"10b510d\" data-element_type=\"column\">\n\t\t\t<div class=\"elementor-widget-wrap elementor-element-populated\">\n\t\t\t\t\t\t\t\t<div class=\"elementor-element elementor-element-eaa4045 elementor-position-top elementor-vertical-align-top elementor-invisible elementor-widget elementor-widget-image-box\" data-id=\"eaa4045\" data-element_type=\"widget\" data-settings=\"{&quot;_animation&quot;:&quot;bounceIn&quot;,&quot;_animation_delay&quot;:600}\" data-widget_type=\"image-box.default\">\n\t\t\t\t<div class=\"elementor-widget-container\">\n\t\t\t<div class=\"elementor-image-box-wrapper\"><figure class=\"elementor-image-box-img\"><img width=\"128\" height=\"128\" src=\"https:\/\/drataritabeloti.com.br\/blog\/wp-content\/uploads\/2021\/11\/botox.png\" class=\"attachment-full size-full\" alt=\"botox\" \/><\/figure><div class=\"elementor-image-box-content\"><h3 class=\"elementor-image-box-title\">Botox<\/h3><p class=\"elementor-image-box-description\">Lorem ipsum dolor sit amet, consectetur adipiscing elit. Ut elit tellus, luctus nec ullamcorper mattis, pulvinar dapibus leo.<\/p><\/div><\/div>\t\t<\/div>\n\t\t\t\t<\/div>\n\t\t\t\t<div class=\"elementor-element elementor-element-1cc93eb elementor-align-center elementor-widget elementor-widget-button\" data-id=\"1cc93eb\" data-element_type=\"widget\" data-widget_type=\"button.default\">\n\t\t\t\t<div class=\"elementor-widget-container\">\n\t\t\t\t\t<div class=\"elementor-button-wrapper\">\n\t\t\t<a href=\"https:\/\/drataritabeloti.com.br\/blog\/entre-em-contato\/\" class=\"elementor-button-link elementor-button elementor-size-sm\" role=\"button\">\n\t\t\t\t\t\t<span class=\"elementor-button-content-wrapper\">\n\t\t\t\t\t\t<span class=\"elementor-button-text\">Saiba Mais<\/span>\n\t\t<\/span>\n\t\t\t\t\t<\/a>\n\t\t<\/div>\n\t\t\t\t<\/div>\n\t\t\t\t<\/div>\n\t\t\t\t\t<\/div>\n\t\t<\/div>\n\t\t\t\t<div class=\"elementor-column elementor-col-50 elementor-inner-column elementor-element elementor-element-17516bd\" data-id=\"17516bd\" data-element_type=\"column\">\n\t\t\t<div class=\"elementor-widget-wrap elementor-element-populated\">\n\t\t\t\t\t\t\t\t<div class=\"elementor-element elementor-element-5965c94 elementor-position-top elementor-vertical-align-top elementor-invisible elementor-widget elementor-widget-image-box\" data-id=\"5965c94\" data-element_type=\"widget\" data-settings=\"{&quot;_animation&quot;:&quot;bounceIn&quot;,&quot;_animation_delay&quot;:700}\" data-widget_type=\"image-box.default\">\n\t\t\t\t<div class=\"elementor-widget-container\">\n\t\t\t<div class=\"elementor-image-box-wrapper\"><figure class=\"elementor-image-box-img\"><img width=\"128\" height=\"128\" src=\"https:\/\/drataritabeloti.com.br\/blog\/wp-content\/uploads\/2021\/11\/mentoplastia.png\" class=\"attachment-full size-full\" alt=\"\" \/><\/figure><div class=\"elementor-image-box-content\"><h3 class=\"elementor-image-box-title\">Fios faciais<\/h3><p class=\"elementor-image-box-description\">Lorem ipsum dolor sit amet, consectetur adipiscing elit. Ut elit tellus, luctus nec ullamcorper mattis, pulvinar dapibus leo.<\/p><\/div><\/div>\t\t<\/div>\n\t\t\t\t<\/div>\n\t\t\t\t<div class=\"elementor-element elementor-element-5bb1f43 elementor-align-center elementor-widget elementor-widget-button\" data-id=\"5bb1f43\" data-element_type=\"widget\" data-widget_type=\"button.default\">\n\t\t\t\t<div class=\"elementor-widget-container\">\n\t\t\t\t\t<div class=\"elementor-button-wrapper\">\n\t\t\t<a href=\"https:\/\/drataritabeloti.com.br\/blog\/entre-em-contato\/\" class=\"elementor-button-link elementor-button elementor-size-sm\" role=\"button\">\n\t\t\t\t\t\t<span class=\"elementor-button-content-wrapper\">\n\t\t\t\t\t\t<span class=\"elementor-button-text\">Saiba Mais<\/span>\n\t\t<\/span>\n\t\t\t\t\t<\/a>\n\t\t<\/div>\n\t\t\t\t<\/div>\n\t\t\t\t<\/div>\n\t\t\t\t\t<\/div>\n\t\t<\/div>\n\t\t\t\t\t\t\t<\/div>\n\t\t<\/section>\n\t\t\t\t\t<\/div>\n\t\t<\/div>\n\t\t\t\t\t\t\t<\/div>\n\t\t<\/section>\n\t\t\t\t\t\t\t<\/div>\n\t\t","protected":false},"excerpt":{"rendered":"<p>Solu\u00e7\u00f5es para sua Harmoniza\u00e7\u00e3o Harmoniza\u00e7\u00e3o Facial Lorem ipsum dolor sit amet, consectetur adipiscing elit. Ut elit tellus, luctus nec ullamcorper &#8230; <\/p>\n","protected":false},"author":1,"featured_media":0,"parent":0,"menu_order":0,"comment_status":"closed","ping_status":"closed","template":"","meta":{"_joinchat":[]},"yoast_head":"<!-- This site is optimized with the Yoast SEO plugin v17.8 - https:\/\/yoast.com\/wordpress\/plugins\/seo\/ -->\n<title>Nossos servi\u00e7os - Dra. Tarita Beloti<\/title>\n<meta name=\"robots\" content=\"index, follow, max-snippet:-1, max-image-preview:large, max-video-preview:-1\" \/>\n<link rel=\"canonical\" href=\"https:\/\/drataritabeloti.com.br\/blog\/nossos-servicos\/\" \/>\n<meta property=\"og:locale\" content=\"pt_BR\" \/>\n<meta property=\"og:type\" content=\"article\" \/>\n<meta property=\"og:title\" content=\"Nossos servi\u00e7os - Dra. Tarita Beloti\" \/>\n<meta property=\"og:description\" content=\"Solu\u00e7\u00f5es para sua Harmoniza\u00e7\u00e3o Harmoniza\u00e7\u00e3o Facial Lorem ipsum dolor sit amet, consectetur adipiscing elit. Ut elit tellus, luctus nec ullamcorper ...\" \/>\n<meta property=\"og:url\" content=\"https:\/\/drataritabeloti.com.br\/blog\/nossos-servicos\/\" \/>\n<meta property=\"og:site_name\" content=\"Dra. Tarita Beloti\" \/>\n<meta property=\"article:modified_time\" content=\"2021-12-10T00:49:50+00:00\" \/>\n<meta property=\"og:image\" content=\"https:\/\/drataritabeloti.com.br\/blog\/wp-content\/uploads\/2021\/11\/rosto-1.png\" \/>\n<meta name=\"twitter:card\" content=\"summary_large_image\" \/>\n<meta name=\"twitter:label1\" content=\"Est. tempo de leitura\" \/>\n\t<meta name=\"twitter:data1\" content=\"2 minutos\" \/>\n<script type=\"application\/ld+json\" class=\"yoast-schema-graph\">{\"@context\":\"https:\/\/schema.org\",\"@graph\":[{\"@type\":\"WebSite\",\"@id\":\"https:\/\/drataritabeloti.com.br\/blog\/#website\",\"url\":\"https:\/\/drataritabeloti.com.br\/blog\/\",\"name\":\"Dra. Tarita Beloti\",\"description\":\"Tudo sobre harmoniza\\u00e7\\u00e3o facial de forma clara\",\"potentialAction\":[{\"@type\":\"SearchAction\",\"target\":{\"@type\":\"EntryPoint\",\"urlTemplate\":\"https:\/\/drataritabeloti.com.br\/blog\/?s={search_term_string}\"},\"query-input\":\"required name=search_term_string\"}],\"inLanguage\":\"pt-BR\"},{\"@type\":\"ImageObject\",\"@id\":\"https:\/\/drataritabeloti.com.br\/blog\/nossos-servicos\/#primaryimage\",\"inLanguage\":\"pt-BR\",\"url\":\"https:\/\/drataritabeloti.com.br\/blog\/wp-content\/uploads\/2021\/11\/rosto-1.png\",\"contentUrl\":\"https:\/\/drataritabeloti.com.br\/blog\/wp-content\/uploads\/2021\/11\/rosto-1.png\",\"width\":256,\"height\":256,\"caption\":\"rosto harmoniza\\u00e7\\u00e3o facial\"},{\"@type\":\"WebPage\",\"@id\":\"https:\/\/drataritabeloti.com.br\/blog\/nossos-servicos\/#webpage\",\"url\":\"https:\/\/drataritabeloti.com.br\/blog\/nossos-servicos\/\",\"name\":\"Nossos servi\\u00e7os - Dra. Tarita Beloti\",\"isPartOf\":{\"@id\":\"https:\/\/drataritabeloti.com.br\/blog\/#website\"},\"primaryImageOfPage\":{\"@id\":\"https:\/\/drataritabeloti.com.br\/blog\/nossos-servicos\/#primaryimage\"},\"datePublished\":\"2021-11-10T03:50:48+00:00\",\"dateModified\":\"2021-12-10T00:49:50+00:00\",\"breadcrumb\":{\"@id\":\"https:\/\/drataritabeloti.com.br\/blog\/nossos-servicos\/#breadcrumb\"},\"inLanguage\":\"pt-BR\",\"potentialAction\":[{\"@type\":\"ReadAction\",\"target\":[\"https:\/\/drataritabeloti.com.br\/blog\/nossos-servicos\/\"]}]},{\"@type\":\"BreadcrumbList\",\"@id\":\"https:\/\/drataritabeloti.com.br\/blog\/nossos-servicos\/#breadcrumb\",\"itemListElement\":[{\"@type\":\"ListItem\",\"position\":1,\"name\":\"Home\",\"item\":\"https:\/\/drataritabeloti.com.br\/blog\/\"},{\"@type\":\"ListItem\",\"position\":2,\"name\":\"Nossos servi\\u00e7os\"}]}]}<\/script>\n<!-- \/ Yoast SEO plugin. -->","yoast_head_json":{"title":"Nossos servi\u00e7os - Dra. Tarita Beloti","robots":{"index":"index","follow":"follow","max-snippet":"max-snippet:-1","max-image-preview":"max-image-preview:large","max-video-preview":"max-video-preview:-1"},"canonical":"https:\/\/drataritabeloti.com.br\/blog\/nossos-servicos\/","og_locale":"pt_BR","og_type":"article","og_title":"Nossos servi\u00e7os - Dra. Tarita Beloti","og_description":"Solu\u00e7\u00f5es para sua Harmoniza\u00e7\u00e3o Harmoniza\u00e7\u00e3o Facial Lorem ipsum dolor sit amet, consectetur adipiscing elit. Ut elit tellus, luctus nec ullamcorper ...","og_url":"https:\/\/drataritabeloti.com.br\/blog\/nossos-servicos\/","og_site_name":"Dra. Tarita Beloti","article_modified_time":"2021-12-10T00:49:50+00:00","og_image":[{"url":"https:\/\/drataritabeloti.com.br\/blog\/wp-content\/uploads\/2021\/11\/rosto-1.png"}],"twitter_card":"summary_large_image","twitter_misc":{"Est. tempo de leitura":"2 minutos"},"schema":{"@context":"https:\/\/schema.org","@graph":[{"@type":"WebSite","@id":"https:\/\/drataritabeloti.com.br\/blog\/#website","url":"https:\/\/drataritabeloti.com.br\/blog\/","name":"Dra. Tarita Beloti","description":"Tudo sobre harmoniza\u00e7\u00e3o facial de forma clara","potentialAction":[{"@type":"SearchAction","target":{"@type":"EntryPoint","urlTemplate":"https:\/\/drataritabeloti.com.br\/blog\/?s={search_term_string}"},"query-input":"required name=search_term_string"}],"inLanguage":"pt-BR"},{"@type":"ImageObject","@id":"https:\/\/drataritabeloti.com.br\/blog\/nossos-servicos\/#primaryimage","inLanguage":"pt-BR","url":"https:\/\/drataritabeloti.com.br\/blog\/wp-content\/uploads\/2021\/11\/rosto-1.png","contentUrl":"https:\/\/drataritabeloti.com.br\/blog\/wp-content\/uploads\/2021\/11\/rosto-1.png","width":256,"height":256,"caption":"rosto harmoniza\u00e7\u00e3o facial"},{"@type":"WebPage","@id":"https:\/\/drataritabeloti.com.br\/blog\/nossos-servicos\/#webpage","url":"https:\/\/drataritabeloti.com.br\/blog\/nossos-servicos\/","name":"Nossos servi\u00e7os - Dra. Tarita Beloti","isPartOf":{"@id":"https:\/\/drataritabeloti.com.br\/blog\/#website"},"primaryImageOfPage":{"@id":"https:\/\/drataritabeloti.com.br\/blog\/nossos-servicos\/#primaryimage"},"datePublished":"2021-11-10T03:50:48+00:00","dateModified":"2021-12-10T00:49:50+00:00","breadcrumb":{"@id":"https:\/\/drataritabeloti.com.br\/blog\/nossos-servicos\/#breadcrumb"},"inLanguage":"pt-BR","potentialAction":[{"@type":"ReadAction","target":["https:\/\/drataritabeloti.com.br\/blog\/nossos-servicos\/"]}]},{"@type":"BreadcrumbList","@id":"https:\/\/drataritabeloti.com.br\/blog\/nossos-servicos\/#breadcrumb","itemListElement":[{"@type":"ListItem","position":1,"name":"Home","item":"https:\/\/drataritabeloti.com.br\/blog\/"},{"@type":"ListItem","position":2,"name":"Nossos servi\u00e7os"}]}]}},"_links":{"self":[{"href":"https:\/\/drataritabeloti.com.br\/blog\/wp-json\/wp\/v2\/pages\/63"}],"collection":[{"href":"https:\/\/drataritabeloti.com.br\/blog\/wp-json\/wp\/v2\/pages"}],"about":[{"href":"https:\/\/drataritabeloti.com.br\/blog\/wp-json\/wp\/v2\/types\/page"}],"author":[{"embeddable":true,"href":"https:\/\/drataritabeloti.com.br\/blog\/wp-json\/wp\/v2\/users\/1"}],"replies":[{"embeddable":true,"href":"https:\/\/drataritabeloti.com.br\/blog\/wp-json\/wp\/v2\/comments?post=63"}],"version-history":[{"count":20,"href":"https:\/\/drataritabeloti.com.br\/blog\/wp-json\/wp\/v2\/pages\/63\/revisions"}],"predecessor-version":[{"id":426,"href":"https:\/\/drataritabeloti.com.br\/blog\/wp-json\/wp\/v2\/pages\/63\/revisions\/426"}],"wp:attachment":[{"href":"https:\/\/drataritabeloti.com.br\/blog\/wp-json\/wp\/v2\/media?parent=63"}],"curies":[{"name":"wp","href":"https:\/\/api.w.org\/{rel}","templated":true}]}}